{"id":393,"date":"2024-07-22T11:53:48","date_gmt":"2024-07-22T09:53:48","guid":{"rendered":"https:\/\/www.juliusbacker.com\/?page_id=393"},"modified":"2024-07-22T11:53:52","modified_gmt":"2024-07-22T09:53:52","slug":"biografie","status":"publish","type":"page","link":"https:\/\/www.juliusbacker.com\/index.php\/de\/biografie\/","title":{"rendered":"Biografie"},"content":{"rendered":"\n<p>Julius Backer ist ein aufregender junger Pianist, dessen vielseitige Musikalit\u00e4t sowohl bei Solo, Kammermusik aber auch in Lied-duo zur Geltung kommt.<\/p>\n\n\n\n<p>Im Alter von sechs Jahren entdeckte er seine Liebe zum Klavier und begann seine musikalische Reise mit Unterricht bei&nbsp;<strong>Debora Prins<\/strong>&nbsp;in Groningen (NL). Im Alter von elf Jahren entwickelte Julius sein Talent an der renommierten&nbsp;<em>Sweelinck Academy for Young Talent<\/em>&nbsp;in Amsterdam unter der Leitung von&nbsp;<strong>Marcel Baudet<\/strong>. Vier Jahre sp\u00e4ter \u00fcberquerte er den \u00c4rmelkanal, um sein Studium bei Prof. Baudet an der renommierten&nbsp;<em>Yehudi Menuhin School<\/em>&nbsp;in London fortzusetzen. Diese lebensver\u00e4ndernde Erfahrung an der internationalen Schule f\u00fcr begabte Musiker verschaffte Julius unz\u00e4hlige Auftritts- und Aufnahmem\u00f6glichkeiten sowie eine enge Betreuung durch die enthusiastischen Dozenten. Derzeit genie\u00dft Julius sein Studium bei&nbsp;<strong>Claudio Martinez-Mehner<\/strong>&nbsp;und&nbsp;<strong>Nina Tichman<\/strong>&nbsp;an der&nbsp;<em>Hochschule f\u00fcr Musik und Tanz&nbsp;<\/em>in K\u00f6ln.<\/p>\n\n\n\n<p>Neben seinem regul\u00e4ren Studium hat Julius an Meisterkursen bei renommierten K\u00fcnstlern wie&nbsp;<strong>Alexander Melnikov<\/strong>,&nbsp;<strong>Arie Vardi<\/strong>&nbsp;und&nbsp;<strong>Robert D. Levin<\/strong>&nbsp;teilgenommen. Als Preistr\u00e4ger verschiedener Wettbewerbe hat Julius in den meisten gro\u00dfen Konzerts\u00e4len der Niederlande aufgetreten, darunter das&nbsp;<em>Concertgebouw Amsterdam<\/em>&nbsp;und das&nbsp;<em>Tivoli Vredenburg<\/em>, sowie in verschiedenen S\u00e4len im Vereinigten K\u00f6nigreich und in Deutschland.<\/p>\n\n\n\n<p>Er arbeitet h\u00e4ufig mit der talentierten Mezzosopranistin&nbsp;<strong>Roza Herwig<\/strong>&nbsp;bei Konzerten in ganz Europa zusammen. Zusammen mit seinen beiden Schwestern, der Klarinettistin&nbsp;<strong>Paulien Backer<\/strong>&nbsp;und der Geigerin&nbsp;<strong>Vera Backer<\/strong>, bildet Julius das&nbsp;<strong>Backer Trio<\/strong>, Preistr\u00e4ger des&nbsp;<em>Prinzessin Christina Wettbewerbs<\/em>. Obwohl er sich der Exzellenz verschrieben hat, sch\u00e4tzt Julius vor allem die Freude am gemeinsamen Musizieren.<\/p>\n\n\n\n<p>Julius bringt eine vielf\u00e4ltige musikalische Leidenschaft auf die B\u00fchne. Neben dem Klavierspiel pflegt Julius aktiv verschiedene musikalische Leidenschaften \u2013 mit einer Ausbildung in Kammermusik, Fortepiano, Gesang, und Moderation bei renommierten Musikern wie&nbsp;<strong>Anthony Spiri<\/strong>,&nbsp;<strong>Gerald Hambitzer<\/strong>,&nbsp;<strong>Thomas Bonni<\/strong>&nbsp;und vielen anderen hat er ein vielseitiges musikalisches Talent entwickelt. Ob am Klavier, auf dem Podium oder hinter dem Mikrofon \u2013 die mitrei\u00dfenden Darbietungen des jungen Musikers begeistern das Publikum immer wieder. Er engagiert sich auch f\u00fcr die Gemeinschaft, indem er Kindern Musikunterricht erteilt und Konzerte in Pflegeheimen gibt, um seine Liebe zur klassischen Musik weiterzugeben.<\/p>\n","protected":false},"excerpt":{"rendered":"<p>Julius Backer ist ein aufregender junger Pianist, dessen vielseitige Musikalit\u00e4t sowohl bei Solo, Kammermusik aber auch in Lied-duo zur Geltung kommt. Im Alter von sechs Jahren entdeckte er seine Liebe &hellip; <\/p>\n<p class=\"link-more\"><a href=\"https:\/\/www.juliusbacker.com\/index.php\/de\/biografie\/\" class=\"more-link\">Lees meer<span class=\"screen-reader-text\"> &#8220;Biografie&#8221;<\/span><\/a><\/p>\n","protected":false},"author":1,"featured_media":0,"parent":0,"menu_order":0,"comment_status":"closed","ping_status":"closed","template":"","meta":{"inspiro_hide_title":false,"footnotes":""},"class_list":["post-393","page","type-page","status-publish","hentry"],"yoast_head":"<!-- This site is optimized with the Yoast SEO plugin v27.4 - https:\/\/yoast.com\/product\/yoast-seo-wordpress\/ -->\n<title>Biografie - Julius Backer<\/title>\n<meta name=\"robots\" content=\"index, follow, max-snippet:-1, max-image-preview:large, max-video-preview:-1\" \/>\n<link rel=\"canonical\" href=\"https:\/\/www.juliusbacker.com\/index.php\/de\/biografie\/\" \/>\n<meta property=\"og:locale\" content=\"nl_NL\" \/>\n<meta property=\"og:type\" content=\"article\" \/>\n<meta property=\"og:title\" content=\"Biografie - Julius Backer\" \/>\n<meta property=\"og:description\" content=\"Julius Backer ist ein aufregender junger Pianist, dessen vielseitige Musikalit\u00e4t sowohl bei Solo, Kammermusik aber auch in Lied-duo zur Geltung kommt. Im Alter von sechs Jahren entdeckte er seine Liebe &hellip; Lees meer &quot;Biografie&quot;\" \/>\n<meta property=\"og:url\" content=\"https:\/\/www.juliusbacker.com\/index.php\/de\/biografie\/\" \/>\n<meta property=\"og:site_name\" content=\"Julius Backer\" \/>\n<meta property=\"article:modified_time\" content=\"2024-07-22T09:53:52+00:00\" \/>\n<meta name=\"twitter:card\" content=\"summary_large_image\" \/>\n<meta name=\"twitter:label1\" content=\"Geschatte leestijd\" \/>\n\t<meta name=\"twitter:data1\" content=\"2 minuten\" \/>\n<script type=\"application\/ld+json\" class=\"yoast-schema-graph\">{\"@context\":\"https:\\\/\\\/schema.org\",\"@graph\":[{\"@type\":\"WebPage\",\"@id\":\"https:\\\/\\\/www.juliusbacker.com\\\/index.php\\\/de\\\/biografie\\\/\",\"url\":\"https:\\\/\\\/www.juliusbacker.com\\\/index.php\\\/de\\\/biografie\\\/\",\"name\":\"Biografie - Julius Backer\",\"isPartOf\":{\"@id\":\"https:\\\/\\\/www.juliusbacker.com\\\/#website\"},\"datePublished\":\"2024-07-22T09:53:48+00:00\",\"dateModified\":\"2024-07-22T09:53:52+00:00\",\"breadcrumb\":{\"@id\":\"https:\\\/\\\/www.juliusbacker.com\\\/index.php\\\/de\\\/biografie\\\/#breadcrumb\"},\"inLanguage\":\"nl-NL\",\"potentialAction\":[{\"@type\":\"ReadAction\",\"target\":[\"https:\\\/\\\/www.juliusbacker.com\\\/index.php\\\/de\\\/biografie\\\/\"]}]},{\"@type\":\"BreadcrumbList\",\"@id\":\"https:\\\/\\\/www.juliusbacker.com\\\/index.php\\\/de\\\/biografie\\\/#breadcrumb\",\"itemListElement\":[{\"@type\":\"ListItem\",\"position\":1,\"name\":\"Home\",\"item\":\"https:\\\/\\\/www.juliusbacker.com\\\/\"},{\"@type\":\"ListItem\",\"position\":2,\"name\":\"Biografie\"}]},{\"@type\":\"WebSite\",\"@id\":\"https:\\\/\\\/www.juliusbacker.com\\\/#website\",\"url\":\"https:\\\/\\\/www.juliusbacker.com\\\/\",\"name\":\"Julius Backer\",\"description\":\"Julius Backer Pianist\",\"publisher\":{\"@id\":\"https:\\\/\\\/www.juliusbacker.com\\\/#\\\/schema\\\/person\\\/c186d13dd84b29501e8f1837be40300d\"},\"potentialAction\":[{\"@type\":\"SearchAction\",\"target\":{\"@type\":\"EntryPoint\",\"urlTemplate\":\"https:\\\/\\\/www.juliusbacker.com\\\/?s={search_term_string}\"},\"query-input\":{\"@type\":\"PropertyValueSpecification\",\"valueRequired\":true,\"valueName\":\"search_term_string\"}}],\"inLanguage\":\"nl-NL\"},{\"@type\":[\"Person\",\"Organization\"],\"@id\":\"https:\\\/\\\/www.juliusbacker.com\\\/#\\\/schema\\\/person\\\/c186d13dd84b29501e8f1837be40300d\",\"name\":\"J.B.\",\"image\":{\"@type\":\"ImageObject\",\"inLanguage\":\"nl-NL\",\"@id\":\"https:\\\/\\\/secure.gravatar.com\\\/avatar\\\/d8bcb25b6c6a5cd2ebd162eaa56c902ea7587052d3c9b2dc1297cafbdf0f17be?s=96&d=mm&r=g\",\"url\":\"https:\\\/\\\/secure.gravatar.com\\\/avatar\\\/d8bcb25b6c6a5cd2ebd162eaa56c902ea7587052d3c9b2dc1297cafbdf0f17be?s=96&d=mm&r=g\",\"contentUrl\":\"https:\\\/\\\/secure.gravatar.com\\\/avatar\\\/d8bcb25b6c6a5cd2ebd162eaa56c902ea7587052d3c9b2dc1297cafbdf0f17be?s=96&d=mm&r=g\",\"caption\":\"J.B.\"},\"logo\":{\"@id\":\"https:\\\/\\\/secure.gravatar.com\\\/avatar\\\/d8bcb25b6c6a5cd2ebd162eaa56c902ea7587052d3c9b2dc1297cafbdf0f17be?s=96&d=mm&r=g\"},\"sameAs\":[\"https:\\\/\\\/juliusbacker.com\",\"https:\\\/\\\/www.instagram.com\\\/juliusbacker\\\/\"]}]}<\/script>\n<!-- \/ Yoast SEO plugin. -->","yoast_head_json":{"title":"Biografie - Julius Backer","robots":{"index":"index","follow":"follow","max-snippet":"max-snippet:-1","max-image-preview":"max-image-preview:large","max-video-preview":"max-video-preview:-1"},"canonical":"https:\/\/www.juliusbacker.com\/index.php\/de\/biografie\/","og_locale":"nl_NL","og_type":"article","og_title":"Biografie - Julius Backer","og_description":"Julius Backer ist ein aufregender junger Pianist, dessen vielseitige Musikalit\u00e4t sowohl bei Solo, Kammermusik aber auch in Lied-duo zur Geltung kommt. Im Alter von sechs Jahren entdeckte er seine Liebe &hellip; Lees meer \"Biografie\"","og_url":"https:\/\/www.juliusbacker.com\/index.php\/de\/biografie\/","og_site_name":"Julius Backer","article_modified_time":"2024-07-22T09:53:52+00:00","twitter_card":"summary_large_image","twitter_misc":{"Geschatte leestijd":"2 minuten"},"schema":{"@context":"https:\/\/schema.org","@graph":[{"@type":"WebPage","@id":"https:\/\/www.juliusbacker.com\/index.php\/de\/biografie\/","url":"https:\/\/www.juliusbacker.com\/index.php\/de\/biografie\/","name":"Biografie - Julius Backer","isPartOf":{"@id":"https:\/\/www.juliusbacker.com\/#website"},"datePublished":"2024-07-22T09:53:48+00:00","dateModified":"2024-07-22T09:53:52+00:00","breadcrumb":{"@id":"https:\/\/www.juliusbacker.com\/index.php\/de\/biografie\/#breadcrumb"},"inLanguage":"nl-NL","potentialAction":[{"@type":"ReadAction","target":["https:\/\/www.juliusbacker.com\/index.php\/de\/biografie\/"]}]},{"@type":"BreadcrumbList","@id":"https:\/\/www.juliusbacker.com\/index.php\/de\/biografie\/#breadcrumb","itemListElement":[{"@type":"ListItem","position":1,"name":"Home","item":"https:\/\/www.juliusbacker.com\/"},{"@type":"ListItem","position":2,"name":"Biografie"}]},{"@type":"WebSite","@id":"https:\/\/www.juliusbacker.com\/#website","url":"https:\/\/www.juliusbacker.com\/","name":"Julius Backer","description":"Julius Backer Pianist","publisher":{"@id":"https:\/\/www.juliusbacker.com\/#\/schema\/person\/c186d13dd84b29501e8f1837be40300d"},"potentialAction":[{"@type":"SearchAction","target":{"@type":"EntryPoint","urlTemplate":"https:\/\/www.juliusbacker.com\/?s={search_term_string}"},"query-input":{"@type":"PropertyValueSpecification","valueRequired":true,"valueName":"search_term_string"}}],"inLanguage":"nl-NL"},{"@type":["Person","Organization"],"@id":"https:\/\/www.juliusbacker.com\/#\/schema\/person\/c186d13dd84b29501e8f1837be40300d","name":"J.B.","image":{"@type":"ImageObject","inLanguage":"nl-NL","@id":"https:\/\/secure.gravatar.com\/avatar\/d8bcb25b6c6a5cd2ebd162eaa56c902ea7587052d3c9b2dc1297cafbdf0f17be?s=96&d=mm&r=g","url":"https:\/\/secure.gravatar.com\/avatar\/d8bcb25b6c6a5cd2ebd162eaa56c902ea7587052d3c9b2dc1297cafbdf0f17be?s=96&d=mm&r=g","contentUrl":"https:\/\/secure.gravatar.com\/avatar\/d8bcb25b6c6a5cd2ebd162eaa56c902ea7587052d3c9b2dc1297cafbdf0f17be?s=96&d=mm&r=g","caption":"J.B."},"logo":{"@id":"https:\/\/secure.gravatar.com\/avatar\/d8bcb25b6c6a5cd2ebd162eaa56c902ea7587052d3c9b2dc1297cafbdf0f17be?s=96&d=mm&r=g"},"sameAs":["https:\/\/juliusbacker.com","https:\/\/www.instagram.com\/juliusbacker\/"]}]}},"jetpack_sharing_enabled":true,"_links":{"self":[{"href":"https:\/\/www.juliusbacker.com\/index.php\/wp-json\/wp\/v2\/pages\/393","targetHints":{"allow":["GET"]}}],"collection":[{"href":"https:\/\/www.juliusbacker.com\/index.php\/wp-json\/wp\/v2\/pages"}],"about":[{"href":"https:\/\/www.juliusbacker.com\/index.php\/wp-json\/wp\/v2\/types\/page"}],"author":[{"embeddable":true,"href":"https:\/\/www.juliusbacker.com\/index.php\/wp-json\/wp\/v2\/users\/1"}],"replies":[{"embeddable":true,"href":"https:\/\/www.juliusbacker.com\/index.php\/wp-json\/wp\/v2\/comments?post=393"}],"version-history":[{"count":1,"href":"https:\/\/www.juliusbacker.com\/index.php\/wp-json\/wp\/v2\/pages\/393\/revisions"}],"predecessor-version":[{"id":395,"href":"https:\/\/www.juliusbacker.com\/index.php\/wp-json\/wp\/v2\/pages\/393\/revisions\/395"}],"wp:attachment":[{"href":"https:\/\/www.juliusbacker.com\/index.php\/wp-json\/wp\/v2\/media?parent=393"}],"curies":[{"name":"wp","href":"https:\/\/api.w.org\/{rel}","templated":true}]}}