{"id":399,"date":"2024-07-22T12:02:46","date_gmt":"2024-07-22T10:02:46","guid":{"rendered":"https:\/\/www.juliusbacker.com\/?page_id=399"},"modified":"2025-09-25T22:43:39","modified_gmt":"2025-09-25T20:43:39","slug":"das-backer-trio","status":"publish","type":"page","link":"https:\/\/www.juliusbacker.com\/index.php\/de\/das-backer-trio\/","title":{"rendered":"das Backer Trio"},"content":{"rendered":"\n<p>Das <strong>Backer Trio<\/strong> &#8211; bestehend aus <strong>Paulien<\/strong>, <strong>Vera<\/strong> und<strong> Julius Backer<\/strong> &#8211; wird f\u00fcr das nahtlose Zusammenspiel und die innovative Programmauswahl in der einzigartigen Besetzung Klarinette, Violine und Klavier gelobt.<\/p>\n\n\n\n<p>Das Trio gibt sehr abwechslungsreiche Konzerte, in denen alle Stilrichtungen von Mozart und Haydn bis Milhaud und Khachaturian erklingen. Sie spielen auch gerne moderne Musik und machen eigene Bearbeitungen von bestehenden Werken. Pers\u00f6nliche Geschichten \u00fcber die Musik f\u00fcgen die Konzerte zu einem sch\u00f6nen Ganzen zusammen. Auf diese Weise nimmt das Trio den Zuh\u00f6rer mit auf eine Reise durch all die verschiedenen Stile und zeigt die Vielseitigkeit dieser ungew\u00f6hnlichen Formation.<\/p>\n\n\n\n<p>Paulien, Vera und Julius stammen aus der gleichen Familie und machen schon seit ihrer Kindheit gemeinsam Musik. Sie konzertieren in den ganzen Niederlanden, aber auch in Frankreich und Deutschland. Neben Einzelpreisen bei (inter)nationalen Wettbewerben haben sie als Trio u.a. auch Preise beim Prinses Christina Concours gewonnen. Sie spielten auf verschiedenen Festivals, unter anderem auf dem Aurora-Festival.<\/p>\n\n\n\n<p>Das Backer Trio ist auch sozial sehr engagiert. So spielen sie beispielsweise Konzerte f\u00fcr Kinder in Grund- und Sonderschulen.<\/p>\n\n\n\n<p><strong>Paulien Backer &#8211; Klarinette<\/strong><\/p>\n\n\n\n<p>Paulien Backer ist mit Leib und Seele Kammermusikerin. Schon fr\u00fch hat sie gerne mit anderen musiziert, zun\u00e4chst auf der Blockfl\u00f6te und seit 2010 auf ihrem \u201erichtigen\u201c Instrument, der Klarinette. Im Alter von 13 Jahren spielte sie in der <strong>JongjongNBE.<\/strong> Nachdem sie ein Jahr lang in den Geist des Niederl\u00e4ndischen Bl\u00e4serensembles hineingeschnuppert hatte, spielte sie anschlie\u00dfend zwei Jahre lang im jongNBEnoord. Nach diesen fantastischen Jahren ist es ihr Traum, eines Tages im \u201egro\u00dfen\u201c NBE zu spielen. Au\u00dferdem nimmt sie seit mehr als acht Jahren jeden Sommer am Sommerkurs Woudschoten, einem Kammermusikkurs f\u00fcr junge Musiker, teil. Im Jahr 2021 hatte sie die Ehre, als Solistin mit dem dortigen Orchester aufzutreten. Paulien ist auch in Studentenorchestern aktiv. Sie spielte die letzten drei Jahre im <strong>USConcert<\/strong>, ist seit 2021 Mitglied im <strong>NESKO<\/strong> und springt regelm\u00e4\u00dfig f\u00fcr andere Orchesterprojekte ein. Als Paulien ein Jahr lang Klarinette spielte, stand sie im Finale des <strong>Haydn-Musikfestivals<\/strong>, wo sie ein paar Jahre sp\u00e4ter gemeinsam mit ihrem Bruder Julius den ersten Preis gewann. Nach mehreren ehrenvollen Erw\u00e4hnungen beim <strong>Prinses Christina Concours<\/strong> stand sie 2022 mit dem<strong> Backer Trio<\/strong> im Regionalfinale. Au\u00dferdem hat sie mehrere Meisterkurse gewonnen. Musik ist das Wichtigste im Leben von Paulien. Daher war es f\u00fcr sie ein logischer Schritt, in die Randstad zu ziehen, um am Codarts-Konservatorium in Rotterdam zu studieren. Nach einigen inspirierenden Jahren unter den Fittichen von <strong>Julien Herv\u00e9<\/strong>, nimmt Paulien derzeit Unterricht bei <strong>Bruno Bonansea <\/strong>und<strong> Rapha\u00ebl Schenkel<\/strong>. Neben dem Backer Trio hat Paulien ein weiteres eigenes Ensemble gegr\u00fcndet: <strong>Het Havenstad Collectief.<\/strong> Dieses junge Ensemble aus Rotterdam besteht aus acht niederl\u00e4ndischen Musikern, darunter vier Blechbl\u00e4ser, drei Holzbl\u00e4ser und ein Kontrabassist. Die Musik f\u00fcr das Ensemble wird von den Musikern selbst arrangiert, und das Ensemble f\u00fchrt regelm\u00e4\u00dfig seine eigenen Kompositionen auf. Die Musiker haben sich \u00fcber das Konservatorium in Rotterdam (Codarts) kennengelernt und haben Einzel- und Gruppenunterricht bei Musikern des Rotterdamer Philharmonischen Orchesters, des Radio Philharmonischen Orchesters und des Niederl\u00e4ndischen Bl\u00e4serensembles genommen.<\/p>\n\n\n\n<p><strong>Vera Backer &#8211; Geige<\/strong><\/p>\n\n\n\n<p>Vera Backer ist eine sehr talentierte niederl\u00e4ndische Geigerin. Aufgewachsen in einer Familie, in der Musik eine zentrale Rolle spielte, verliebte sich Vera schon in jungen Jahren in die Geige. Seit ihrem siebten Lebensjahr spielt sie mit gro\u00dfer Leidenschaft und arbeitet hart daran. Ihren ersten Unterricht erhielt Vera von <strong>Rita Rouw <\/strong>im Strings Studio Groningen. Schon als Kind erhielt Vera viel Anerkennung f\u00fcr ihr Spiel. Sie schaffte es mehrmals ins Finale des <strong>Haydn-Musikfestivals<\/strong> und durfte als Solistin mit dem Haydn-Jugendstreichorchester auftreten. Mit zw\u00f6lf Jahren schaffte Vera den Sprung in die Nachwuchsklasse des Prinz-Claus-Konservatoriums in Groningen, wo sie bis zu ihrem achtzehnten Lebensjahr bei <strong>Veselina Manikova<\/strong> studierte. In den letzten Jahren nahm sie an verschiedenen Wettbewerben und Kursen teil, darunter das <strong>Aurora Festival<\/strong> und der <strong>Prinses Christina Concours<\/strong>. Hier gewann sie sowohl mit ihrem Soloauftritt als auch mit ihrem Auftritt mit dem Backer Trio Preise. Vera hat eine besondere Leidenschaft f\u00fcr die Kammermusik; seit 2020 ist sie Mitglied des <strong>Silhouet-Quartetts.<\/strong> Mit diesem Quartett spielte sie auf dem<strong> Emmy Verhey Festival<\/strong> und erhielt Meisterkurse bei renommierten Ensembles wie dem <strong>Alma Quartett <\/strong>und dem<strong> Cuarteto Casals<\/strong>. Derzeit studiert Vera am K\u00f6niglichen Konservatorium in Den Haag bei <strong>Arisa Fujita.<\/strong><\/p>\n\n\n\n<p><\/p>\n\n\n\n<p><\/p>\n","protected":false},"excerpt":{"rendered":"<p>Das Backer Trio &#8211; bestehend aus Paulien, Vera und Julius Backer &#8211; wird f\u00fcr das nahtlose Zusammenspiel und die innovative Programmauswahl in der einzigartigen Besetzung Klarinette, Violine und Klavier gelobt. &hellip; <\/p>\n<p class=\"link-more\"><a href=\"https:\/\/www.juliusbacker.com\/index.php\/de\/das-backer-trio\/\" class=\"more-link\">Lees meer<span class=\"screen-reader-text\"> &#8220;das Backer Trio&#8221;<\/span><\/a><\/p>\n","protected":false},"author":1,"featured_media":138,"parent":0,"menu_order":0,"comment_status":"closed","ping_status":"closed","template":"","meta":{"inspiro_hide_title":false,"footnotes":""},"class_list":["post-399","page","type-page","status-publish","has-post-thumbnail","hentry"],"yoast_head":"<!-- This site is optimized with the Yoast SEO plugin v27.4 - https:\/\/yoast.com\/product\/yoast-seo-wordpress\/ -->\n<title>das Backer Trio - Julius Backer<\/title>\n<meta name=\"robots\" content=\"index, follow, max-snippet:-1, max-image-preview:large, max-video-preview:-1\" \/>\n<link rel=\"canonical\" href=\"https:\/\/www.juliusbacker.com\/index.php\/de\/das-backer-trio\/\" \/>\n<meta property=\"og:locale\" content=\"nl_NL\" \/>\n<meta property=\"og:type\" content=\"article\" \/>\n<meta property=\"og:title\" content=\"das Backer Trio - Julius Backer\" \/>\n<meta property=\"og:description\" content=\"Das Backer Trio &#8211; bestehend aus Paulien, Vera und Julius Backer &#8211; wird f\u00fcr das nahtlose Zusammenspiel und die innovative Programmauswahl in der einzigartigen Besetzung Klarinette, Violine und Klavier gelobt. &hellip; Lees meer &quot;das Backer Trio&quot;\" \/>\n<meta property=\"og:url\" content=\"https:\/\/www.juliusbacker.com\/index.php\/de\/das-backer-trio\/\" \/>\n<meta property=\"og:site_name\" content=\"Julius Backer\" \/>\n<meta property=\"article:modified_time\" content=\"2025-09-25T20:43:39+00:00\" \/>\n<meta property=\"og:image\" content=\"https:\/\/www.juliusbacker.com\/wp-content\/uploads\/2023\/10\/51956228738_a31134dd18_c-Copy.jpg\" \/>\n\t<meta property=\"og:image:width\" content=\"800\" \/>\n\t<meta property=\"og:image:height\" content=\"532\" \/>\n\t<meta property=\"og:image:type\" content=\"image\/jpeg\" \/>\n<meta name=\"twitter:card\" content=\"summary_large_image\" \/>\n<meta name=\"twitter:label1\" content=\"Geschatte leestijd\" \/>\n\t<meta name=\"twitter:data1\" content=\"4 minuten\" \/>\n<script type=\"application\/ld+json\" class=\"yoast-schema-graph\">{\"@context\":\"https:\\\/\\\/schema.org\",\"@graph\":[{\"@type\":\"WebPage\",\"@id\":\"https:\\\/\\\/www.juliusbacker.com\\\/index.php\\\/de\\\/das-backer-trio\\\/\",\"url\":\"https:\\\/\\\/www.juliusbacker.com\\\/index.php\\\/de\\\/das-backer-trio\\\/\",\"name\":\"das Backer Trio - Julius Backer\",\"isPartOf\":{\"@id\":\"https:\\\/\\\/www.juliusbacker.com\\\/#website\"},\"primaryImageOfPage\":{\"@id\":\"https:\\\/\\\/www.juliusbacker.com\\\/index.php\\\/de\\\/das-backer-trio\\\/#primaryimage\"},\"image\":{\"@id\":\"https:\\\/\\\/www.juliusbacker.com\\\/index.php\\\/de\\\/das-backer-trio\\\/#primaryimage\"},\"thumbnailUrl\":\"https:\\\/\\\/www.juliusbacker.com\\\/wp-content\\\/uploads\\\/2023\\\/10\\\/51956228738_a31134dd18_c-Copy.jpg\",\"datePublished\":\"2024-07-22T10:02:46+00:00\",\"dateModified\":\"2025-09-25T20:43:39+00:00\",\"breadcrumb\":{\"@id\":\"https:\\\/\\\/www.juliusbacker.com\\\/index.php\\\/de\\\/das-backer-trio\\\/#breadcrumb\"},\"inLanguage\":\"nl-NL\",\"potentialAction\":[{\"@type\":\"ReadAction\",\"target\":[\"https:\\\/\\\/www.juliusbacker.com\\\/index.php\\\/de\\\/das-backer-trio\\\/\"]}]},{\"@type\":\"ImageObject\",\"inLanguage\":\"nl-NL\",\"@id\":\"https:\\\/\\\/www.juliusbacker.com\\\/index.php\\\/de\\\/das-backer-trio\\\/#primaryimage\",\"url\":\"https:\\\/\\\/www.juliusbacker.com\\\/wp-content\\\/uploads\\\/2023\\\/10\\\/51956228738_a31134dd18_c-Copy.jpg\",\"contentUrl\":\"https:\\\/\\\/www.juliusbacker.com\\\/wp-content\\\/uploads\\\/2023\\\/10\\\/51956228738_a31134dd18_c-Copy.jpg\",\"width\":800,\"height\":532},{\"@type\":\"BreadcrumbList\",\"@id\":\"https:\\\/\\\/www.juliusbacker.com\\\/index.php\\\/de\\\/das-backer-trio\\\/#breadcrumb\",\"itemListElement\":[{\"@type\":\"ListItem\",\"position\":1,\"name\":\"Home\",\"item\":\"https:\\\/\\\/www.juliusbacker.com\\\/\"},{\"@type\":\"ListItem\",\"position\":2,\"name\":\"das Backer Trio\"}]},{\"@type\":\"WebSite\",\"@id\":\"https:\\\/\\\/www.juliusbacker.com\\\/#website\",\"url\":\"https:\\\/\\\/www.juliusbacker.com\\\/\",\"name\":\"Julius Backer\",\"description\":\"Julius Backer Pianist\",\"publisher\":{\"@id\":\"https:\\\/\\\/www.juliusbacker.com\\\/#\\\/schema\\\/person\\\/c186d13dd84b29501e8f1837be40300d\"},\"potentialAction\":[{\"@type\":\"SearchAction\",\"target\":{\"@type\":\"EntryPoint\",\"urlTemplate\":\"https:\\\/\\\/www.juliusbacker.com\\\/?s={search_term_string}\"},\"query-input\":{\"@type\":\"PropertyValueSpecification\",\"valueRequired\":true,\"valueName\":\"search_term_string\"}}],\"inLanguage\":\"nl-NL\"},{\"@type\":[\"Person\",\"Organization\"],\"@id\":\"https:\\\/\\\/www.juliusbacker.com\\\/#\\\/schema\\\/person\\\/c186d13dd84b29501e8f1837be40300d\",\"name\":\"J.B.\",\"image\":{\"@type\":\"ImageObject\",\"inLanguage\":\"nl-NL\",\"@id\":\"https:\\\/\\\/secure.gravatar.com\\\/avatar\\\/d8bcb25b6c6a5cd2ebd162eaa56c902ea7587052d3c9b2dc1297cafbdf0f17be?s=96&d=mm&r=g\",\"url\":\"https:\\\/\\\/secure.gravatar.com\\\/avatar\\\/d8bcb25b6c6a5cd2ebd162eaa56c902ea7587052d3c9b2dc1297cafbdf0f17be?s=96&d=mm&r=g\",\"contentUrl\":\"https:\\\/\\\/secure.gravatar.com\\\/avatar\\\/d8bcb25b6c6a5cd2ebd162eaa56c902ea7587052d3c9b2dc1297cafbdf0f17be?s=96&d=mm&r=g\",\"caption\":\"J.B.\"},\"logo\":{\"@id\":\"https:\\\/\\\/secure.gravatar.com\\\/avatar\\\/d8bcb25b6c6a5cd2ebd162eaa56c902ea7587052d3c9b2dc1297cafbdf0f17be?s=96&d=mm&r=g\"},\"sameAs\":[\"https:\\\/\\\/juliusbacker.com\",\"https:\\\/\\\/www.instagram.com\\\/juliusbacker\\\/\"]}]}<\/script>\n<!-- \/ Yoast SEO plugin. -->","yoast_head_json":{"title":"das Backer Trio - Julius Backer","robots":{"index":"index","follow":"follow","max-snippet":"max-snippet:-1","max-image-preview":"max-image-preview:large","max-video-preview":"max-video-preview:-1"},"canonical":"https:\/\/www.juliusbacker.com\/index.php\/de\/das-backer-trio\/","og_locale":"nl_NL","og_type":"article","og_title":"das Backer Trio - Julius Backer","og_description":"Das Backer Trio &#8211; bestehend aus Paulien, Vera und Julius Backer &#8211; wird f\u00fcr das nahtlose Zusammenspiel und die innovative Programmauswahl in der einzigartigen Besetzung Klarinette, Violine und Klavier gelobt. &hellip; Lees meer \"das Backer Trio\"","og_url":"https:\/\/www.juliusbacker.com\/index.php\/de\/das-backer-trio\/","og_site_name":"Julius Backer","article_modified_time":"2025-09-25T20:43:39+00:00","og_image":[{"width":800,"height":532,"url":"https:\/\/www.juliusbacker.com\/wp-content\/uploads\/2023\/10\/51956228738_a31134dd18_c-Copy.jpg","type":"image\/jpeg"}],"twitter_card":"summary_large_image","twitter_misc":{"Geschatte leestijd":"4 minuten"},"schema":{"@context":"https:\/\/schema.org","@graph":[{"@type":"WebPage","@id":"https:\/\/www.juliusbacker.com\/index.php\/de\/das-backer-trio\/","url":"https:\/\/www.juliusbacker.com\/index.php\/de\/das-backer-trio\/","name":"das Backer Trio - Julius Backer","isPartOf":{"@id":"https:\/\/www.juliusbacker.com\/#website"},"primaryImageOfPage":{"@id":"https:\/\/www.juliusbacker.com\/index.php\/de\/das-backer-trio\/#primaryimage"},"image":{"@id":"https:\/\/www.juliusbacker.com\/index.php\/de\/das-backer-trio\/#primaryimage"},"thumbnailUrl":"https:\/\/www.juliusbacker.com\/wp-content\/uploads\/2023\/10\/51956228738_a31134dd18_c-Copy.jpg","datePublished":"2024-07-22T10:02:46+00:00","dateModified":"2025-09-25T20:43:39+00:00","breadcrumb":{"@id":"https:\/\/www.juliusbacker.com\/index.php\/de\/das-backer-trio\/#breadcrumb"},"inLanguage":"nl-NL","potentialAction":[{"@type":"ReadAction","target":["https:\/\/www.juliusbacker.com\/index.php\/de\/das-backer-trio\/"]}]},{"@type":"ImageObject","inLanguage":"nl-NL","@id":"https:\/\/www.juliusbacker.com\/index.php\/de\/das-backer-trio\/#primaryimage","url":"https:\/\/www.juliusbacker.com\/wp-content\/uploads\/2023\/10\/51956228738_a31134dd18_c-Copy.jpg","contentUrl":"https:\/\/www.juliusbacker.com\/wp-content\/uploads\/2023\/10\/51956228738_a31134dd18_c-Copy.jpg","width":800,"height":532},{"@type":"BreadcrumbList","@id":"https:\/\/www.juliusbacker.com\/index.php\/de\/das-backer-trio\/#breadcrumb","itemListElement":[{"@type":"ListItem","position":1,"name":"Home","item":"https:\/\/www.juliusbacker.com\/"},{"@type":"ListItem","position":2,"name":"das Backer Trio"}]},{"@type":"WebSite","@id":"https:\/\/www.juliusbacker.com\/#website","url":"https:\/\/www.juliusbacker.com\/","name":"Julius Backer","description":"Julius Backer Pianist","publisher":{"@id":"https:\/\/www.juliusbacker.com\/#\/schema\/person\/c186d13dd84b29501e8f1837be40300d"},"potentialAction":[{"@type":"SearchAction","target":{"@type":"EntryPoint","urlTemplate":"https:\/\/www.juliusbacker.com\/?s={search_term_string}"},"query-input":{"@type":"PropertyValueSpecification","valueRequired":true,"valueName":"search_term_string"}}],"inLanguage":"nl-NL"},{"@type":["Person","Organization"],"@id":"https:\/\/www.juliusbacker.com\/#\/schema\/person\/c186d13dd84b29501e8f1837be40300d","name":"J.B.","image":{"@type":"ImageObject","inLanguage":"nl-NL","@id":"https:\/\/secure.gravatar.com\/avatar\/d8bcb25b6c6a5cd2ebd162eaa56c902ea7587052d3c9b2dc1297cafbdf0f17be?s=96&d=mm&r=g","url":"https:\/\/secure.gravatar.com\/avatar\/d8bcb25b6c6a5cd2ebd162eaa56c902ea7587052d3c9b2dc1297cafbdf0f17be?s=96&d=mm&r=g","contentUrl":"https:\/\/secure.gravatar.com\/avatar\/d8bcb25b6c6a5cd2ebd162eaa56c902ea7587052d3c9b2dc1297cafbdf0f17be?s=96&d=mm&r=g","caption":"J.B."},"logo":{"@id":"https:\/\/secure.gravatar.com\/avatar\/d8bcb25b6c6a5cd2ebd162eaa56c902ea7587052d3c9b2dc1297cafbdf0f17be?s=96&d=mm&r=g"},"sameAs":["https:\/\/juliusbacker.com","https:\/\/www.instagram.com\/juliusbacker\/"]}]}},"jetpack_sharing_enabled":true,"_links":{"self":[{"href":"https:\/\/www.juliusbacker.com\/index.php\/wp-json\/wp\/v2\/pages\/399","targetHints":{"allow":["GET"]}}],"collection":[{"href":"https:\/\/www.juliusbacker.com\/index.php\/wp-json\/wp\/v2\/pages"}],"about":[{"href":"https:\/\/www.juliusbacker.com\/index.php\/wp-json\/wp\/v2\/types\/page"}],"author":[{"embeddable":true,"href":"https:\/\/www.juliusbacker.com\/index.php\/wp-json\/wp\/v2\/users\/1"}],"replies":[{"embeddable":true,"href":"https:\/\/www.juliusbacker.com\/index.php\/wp-json\/wp\/v2\/comments?post=399"}],"version-history":[{"count":2,"href":"https:\/\/www.juliusbacker.com\/index.php\/wp-json\/wp\/v2\/pages\/399\/revisions"}],"predecessor-version":[{"id":639,"href":"https:\/\/www.juliusbacker.com\/index.php\/wp-json\/wp\/v2\/pages\/399\/revisions\/639"}],"wp:featuredmedia":[{"embeddable":true,"href":"https:\/\/www.juliusbacker.com\/index.php\/wp-json\/wp\/v2\/media\/138"}],"wp:attachment":[{"href":"https:\/\/www.juliusbacker.com\/index.php\/wp-json\/wp\/v2\/media?parent=399"}],"curies":[{"name":"wp","href":"https:\/\/api.w.org\/{rel}","templated":true}]}}